{"id":6799,"date":"2021-08-29T18:11:57","date_gmt":"2021-08-29T18:11:57","guid":{"rendered":"https:\/\/demo.pro.radio\/wp4\/home-02\/"},"modified":"2025-09-16T20:55:10","modified_gmt":"2025-09-16T18:55:10","slug":"home-02","status":"publish","type":"page","link":"https:\/\/www.radio-geretsried.de\/","title":{"rendered":"Home"},"content":{"rendered":"\t\t<div data-elementor-type=\"wp-page\" data-elementor-id=\"6799\" class=\"elementor elementor-6799\">\n\t\t\t\t\t\t<section class=\"elementor-section elementor-top-section elementor-element elementor-element-10de406 elementor-section-boxed elementor-section-height-default elementor-section-height-default\" data-id=\"10de406\" data-element_type=\"section\" data-e-type=\"section\">\n\t\t\t\t\t\t<div class=\"elementor-container elementor-column-gap-default\">\n\t\t\t\t\t<div class=\"elementor-column elementor-col-100 elementor-top-column elementor-element elementor-element-784578c\" data-id=\"784578c\" data-element_type=\"column\" data-e-type=\"column\">\n\t\t\t<div class=\"elementor-widget-wrap elementor-element-populated\">\n\t\t\t\t\t\t<div class=\"elementor-element elementor-element-4acd466 elementor-widget__width-initial elementor-widget elementor-widget-heading\" data-id=\"4acd466\" data-element_type=\"widget\" data-e-type=\"widget\" data-widget_type=\"heading.default\">\n\t\t\t\t<div class=\"elementor-widget-container\">\n\t\t\t\t\t<h4 class=\"elementor-heading-title elementor-size-default\">Jetzt On Air:<\/h4>\t\t\t\t<\/div>\n\t\t\t\t<\/div>\n\t\t\t\t\t<\/div>\n\t\t<\/div>\n\t\t\t\t\t<\/div>\n\t\t<\/section>\n\t\t\t\t<section class=\"elementor-section elementor-top-section elementor-element elementor-element-079618f elementor-section-full_width elementor-section-height-default elementor-section-height-default\" data-id=\"079618f\" data-element_type=\"section\" data-e-type=\"section\">\n\t\t\t\t\t\t<div class=\"elementor-container elementor-column-gap-default\">\n\t\t\t\t\t<div class=\"elementor-column elementor-col-100 elementor-top-column elementor-element elementor-element-a490d12\" data-id=\"a490d12\" data-element_type=\"column\" data-e-type=\"column\">\n\t\t\t<div class=\"elementor-widget-wrap\">\n\t\t\t\t\t\t\t<\/div>\n\t\t<\/div>\n\t\t\t\t\t<\/div>\n\t\t<\/section>\n\t\t\t\t<section class=\"elementor-section elementor-top-section elementor-element elementor-element-2efb431 elementor-section-boxed elementor-section-height-default elementor-section-height-default\" data-id=\"2efb431\" data-element_type=\"section\" data-e-type=\"section\">\n\t\t\t\t\t\t<div class=\"elementor-container elementor-column-gap-default\">\n\t\t\t\t\t<div class=\"elementor-column elementor-col-100 elementor-top-column elementor-element elementor-element-d1696ee\" data-id=\"d1696ee\" data-element_type=\"column\" data-e-type=\"column\">\n\t\t\t<div class=\"elementor-widget-wrap elementor-element-populated\">\n\t\t\t\t\t\t<div class=\"elementor-element elementor-element-0822f79 elementor-widget elementor-widget-proradio-elementor-qt-caption\" data-id=\"0822f79\" data-element_type=\"widget\" data-e-type=\"widget\" data-widget_type=\"proradio-elementor-qt-caption.default\">\n\t\t\t\t<div class=\"elementor-widget-container\">\n\t\t\t\t\t\t\t<div>\n\t\t\t<h1  class=\"proradio-element-caption proradio-caption  proradio-caption__xxxl proradio-h1  \" data-qtwaypoints-offset=\"30\" data-qtwaypoints>\t\t\t\t<span>WhatsApp Studio Nummer: 08171 4288535<\/span>\n\t\t\t\t<\/h1>\t\t<\/div>\n\t\t\t\t\t\t<\/div>\n\t\t\t\t<\/div>\n\t\t\t\t<div class=\"elementor-element elementor-element-77ce04f elementor-widget__width-initial elementor-widget elementor-widget-heading\" data-id=\"77ce04f\" data-element_type=\"widget\" data-e-type=\"widget\" data-widget_type=\"heading.default\">\n\t\t\t\t<div class=\"elementor-widget-container\">\n\t\t\t\t\t<h4 class=\"elementor-heading-title elementor-size-default\">Jetzt On Air:<\/h4>\t\t\t\t<\/div>\n\t\t\t\t<\/div>\n\t\t\t\t\t<\/div>\n\t\t<\/div>\n\t\t\t\t\t<\/div>\n\t\t<\/section>\n\t\t\t\t<section class=\"elementor-section elementor-top-section elementor-element elementor-element-fd76dcc elementor-section-boxed elementor-section-height-default elementor-section-height-default\" data-id=\"fd76dcc\" data-element_type=\"section\" data-e-type=\"section\">\n\t\t\t\t\t\t<div class=\"elementor-container elementor-column-gap-extended\">\n\t\t\t\t\t<div class=\"elementor-column elementor-col-100 elementor-top-column elementor-element elementor-element-fce6007\" data-id=\"fce6007\" data-element_type=\"column\" data-e-type=\"column\">\n\t\t\t<div class=\"elementor-widget-wrap elementor-element-populated\">\n\t\t\t\t\t\t<div class=\"elementor-element elementor-element-5bf866b elementor-widget__width-initial elementor-widget elementor-widget-heading\" data-id=\"5bf866b\" data-element_type=\"widget\" data-e-type=\"widget\" data-widget_type=\"heading.default\">\n\t\t\t\t<div class=\"elementor-widget-container\">\n\t\t\t\t\t<h4 class=\"elementor-heading-title elementor-size-default\">News:<\/h4>\t\t\t\t<\/div>\n\t\t\t\t<\/div>\n\t\t\t\t\t<\/div>\n\t\t<\/div>\n\t\t\t\t\t<\/div>\n\t\t<\/section>\n\t\t\t\t<\/div>\n\t\t","protected":false},"excerpt":{"rendered":"<p>Jetzt On Air: MagazinsendungJetzt auf Sendung Der Abend Wir begleiten Euch durch den Abend access_time20:00 &#8211; 00:00 MagazinsendungAls N\u00e4chstes Die Nacht Montag bis Freitag &#8211; von Mitternacht bis 6 Uhr access_time00:00 &#8211; 06:00 MagazinsendungAls N\u00e4chstes Der Morgen Der Morgen in Stadt und Land access_time06:00 &#8211; 09:00 MagazinsendungAls N\u00e4chstes Der Vormittag ...<\/p>\n","protected":false},"author":2,"featured_media":0,"parent":0,"menu_order":0,"comment_status":"closed","ping_status":"closed","template":"page-visualcomposer.php","meta":{"_themeisle_gutenberg_block_has_review":false,"footnotes":""},"class_list":["post-6799","page","type-page","status-publish","hentry"],"yoast_head":"<!-- This site is optimized with the Yoast SEO plugin v27.4 - https:\/\/yoast.com\/product\/yoast-seo-wordpress\/ -->\n<title>Home - RADIO GERETSRIED<\/title>\n<meta name=\"robots\" content=\"index, follow, max-snippet:-1, max-image-preview:large, max-video-preview:-1\" \/>\n<link rel=\"canonical\" href=\"https:\/\/www.radio-geretsried.de\/\" \/>\n<meta property=\"og:locale\" content=\"de_DE\" \/>\n<meta property=\"og:type\" content=\"article\" \/>\n<meta property=\"og:title\" content=\"Home - RADIO GERETSRIED\" \/>\n<meta property=\"og:description\" content=\"Jetzt On Air: MagazinsendungJetzt auf Sendung Der Abend Wir begleiten Euch durch den Abend access_time20:00 &#8211; 00:00 MagazinsendungAls N\u00e4chstes Die Nacht Montag bis Freitag &#8211; von Mitternacht bis 6 Uhr access_time00:00 &#8211; 06:00 MagazinsendungAls N\u00e4chstes Der Morgen Der Morgen in Stadt und Land access_time06:00 &#8211; 09:00 MagazinsendungAls N\u00e4chstes Der Vormittag [...]\" \/>\n<meta property=\"og:url\" content=\"https:\/\/www.radio-geretsried.de\/\" \/>\n<meta property=\"og:site_name\" content=\"RADIO GERETSRIED\" \/>\n<meta property=\"article:publisher\" content=\"https:\/\/www.facebook.com\/stadtsender\" \/>\n<meta property=\"article:modified_time\" content=\"2025-09-16T18:55:10+00:00\" \/>\n<meta property=\"og:image\" content=\"https:\/\/www.radio-geretsried.de\/wp-content\/uploads\/2022\/07\/Der-Abend.jpg\" \/>\n<meta name=\"twitter:card\" content=\"summary_large_image\" \/>\n<meta name=\"twitter:label1\" content=\"Gesch\u00e4tzte Lesezeit\" \/>\n\t<meta name=\"twitter:data1\" content=\"9\u00a0Minuten\" \/>\n<script type=\"application\/ld+json\" class=\"yoast-schema-graph\">{\"@context\":\"https:\\\/\\\/schema.org\",\"@graph\":[{\"@type\":\"WebPage\",\"@id\":\"https:\\\/\\\/www.radio-geretsried.de\\\/\",\"url\":\"https:\\\/\\\/www.radio-geretsried.de\\\/\",\"name\":\"Home - RADIO GERETSRIED\",\"isPartOf\":{\"@id\":\"https:\\\/\\\/www.radio-geretsried.de\\\/#website\"},\"primaryImageOfPage\":{\"@id\":\"https:\\\/\\\/www.radio-geretsried.de\\\/#primaryimage\"},\"image\":{\"@id\":\"https:\\\/\\\/www.radio-geretsried.de\\\/#primaryimage\"},\"thumbnailUrl\":\"https:\\\/\\\/www.radio-geretsried.de\\\/wp-content\\\/uploads\\\/2022\\\/07\\\/Der-Abend.jpg\",\"datePublished\":\"2021-08-29T18:11:57+00:00\",\"dateModified\":\"2025-09-16T18:55:10+00:00\",\"breadcrumb\":{\"@id\":\"https:\\\/\\\/www.radio-geretsried.de\\\/#breadcrumb\"},\"inLanguage\":\"de\",\"potentialAction\":[{\"@type\":\"ReadAction\",\"target\":[\"https:\\\/\\\/www.radio-geretsried.de\\\/\"]}]},{\"@type\":\"ImageObject\",\"inLanguage\":\"de\",\"@id\":\"https:\\\/\\\/www.radio-geretsried.de\\\/#primaryimage\",\"url\":\"https:\\\/\\\/www.radio-geretsried.de\\\/wp-content\\\/uploads\\\/2022\\\/07\\\/Der-Abend.jpg\",\"contentUrl\":\"https:\\\/\\\/www.radio-geretsried.de\\\/wp-content\\\/uploads\\\/2022\\\/07\\\/Der-Abend.jpg\",\"width\":1700,\"height\":956},{\"@type\":\"BreadcrumbList\",\"@id\":\"https:\\\/\\\/www.radio-geretsried.de\\\/#breadcrumb\",\"itemListElement\":[{\"@type\":\"ListItem\",\"position\":1,\"name\":\"Startseite\",\"item\":\"https:\\\/\\\/www.radio-geretsried.de\\\/\"},{\"@type\":\"ListItem\",\"position\":2,\"name\":\"Home\"}]},{\"@type\":\"WebSite\",\"@id\":\"https:\\\/\\\/www.radio-geretsried.de\\\/#website\",\"url\":\"https:\\\/\\\/www.radio-geretsried.de\\\/\",\"name\":\"RADIO GERETSRIED\",\"description\":\"So klingt die Stadt\",\"publisher\":{\"@id\":\"https:\\\/\\\/www.radio-geretsried.de\\\/#organization\"},\"potentialAction\":[{\"@type\":\"SearchAction\",\"target\":{\"@type\":\"EntryPoint\",\"urlTemplate\":\"https:\\\/\\\/www.radio-geretsried.de\\\/?s={search_term_string}\"},\"query-input\":{\"@type\":\"PropertyValueSpecification\",\"valueRequired\":true,\"valueName\":\"search_term_string\"}}],\"inLanguage\":\"de\"},{\"@type\":\"Organization\",\"@id\":\"https:\\\/\\\/www.radio-geretsried.de\\\/#organization\",\"name\":\"RADIO GERETSRIED\",\"url\":\"https:\\\/\\\/www.radio-geretsried.de\\\/\",\"logo\":{\"@type\":\"ImageObject\",\"inLanguage\":\"de\",\"@id\":\"https:\\\/\\\/www.radio-geretsried.de\\\/#\\\/schema\\\/logo\\\/image\\\/\",\"url\":\"https:\\\/\\\/www.radio-geretsried.de\\\/wp-content\\\/uploads\\\/2022\\\/07\\\/Radio-Geretsried-Logo-Farbig-e1656961244490.png\",\"contentUrl\":\"https:\\\/\\\/www.radio-geretsried.de\\\/wp-content\\\/uploads\\\/2022\\\/07\\\/Radio-Geretsried-Logo-Farbig-e1656961244490.png\",\"width\":4000,\"height\":1780,\"caption\":\"RADIO GERETSRIED\"},\"image\":{\"@id\":\"https:\\\/\\\/www.radio-geretsried.de\\\/#\\\/schema\\\/logo\\\/image\\\/\"},\"sameAs\":[\"https:\\\/\\\/www.facebook.com\\\/stadtsender\",\"https:\\\/\\\/www.instagram.com\\\/radiogeretsried\\\/\"]}]}<\/script>\n<!-- \/ Yoast SEO plugin. -->","yoast_head_json":{"title":"Home - RADIO GERETSRIED","robots":{"index":"index","follow":"follow","max-snippet":"max-snippet:-1","max-image-preview":"max-image-preview:large","max-video-preview":"max-video-preview:-1"},"canonical":"https:\/\/www.radio-geretsried.de\/","og_locale":"de_DE","og_type":"article","og_title":"Home - RADIO GERETSRIED","og_description":"Jetzt On Air: MagazinsendungJetzt auf Sendung Der Abend Wir begleiten Euch durch den Abend access_time20:00 &#8211; 00:00 MagazinsendungAls N\u00e4chstes Die Nacht Montag bis Freitag &#8211; von Mitternacht bis 6 Uhr access_time00:00 &#8211; 06:00 MagazinsendungAls N\u00e4chstes Der Morgen Der Morgen in Stadt und Land access_time06:00 &#8211; 09:00 MagazinsendungAls N\u00e4chstes Der Vormittag [...]","og_url":"https:\/\/www.radio-geretsried.de\/","og_site_name":"RADIO GERETSRIED","article_publisher":"https:\/\/www.facebook.com\/stadtsender","article_modified_time":"2025-09-16T18:55:10+00:00","og_image":[{"url":"https:\/\/www.radio-geretsried.de\/wp-content\/uploads\/2022\/07\/Der-Abend.jpg","type":"","width":"","height":""}],"twitter_card":"summary_large_image","twitter_misc":{"Gesch\u00e4tzte Lesezeit":"9\u00a0Minuten"},"schema":{"@context":"https:\/\/schema.org","@graph":[{"@type":"WebPage","@id":"https:\/\/www.radio-geretsried.de\/","url":"https:\/\/www.radio-geretsried.de\/","name":"Home - RADIO GERETSRIED","isPartOf":{"@id":"https:\/\/www.radio-geretsried.de\/#website"},"primaryImageOfPage":{"@id":"https:\/\/www.radio-geretsried.de\/#primaryimage"},"image":{"@id":"https:\/\/www.radio-geretsried.de\/#primaryimage"},"thumbnailUrl":"https:\/\/www.radio-geretsried.de\/wp-content\/uploads\/2022\/07\/Der-Abend.jpg","datePublished":"2021-08-29T18:11:57+00:00","dateModified":"2025-09-16T18:55:10+00:00","breadcrumb":{"@id":"https:\/\/www.radio-geretsried.de\/#breadcrumb"},"inLanguage":"de","potentialAction":[{"@type":"ReadAction","target":["https:\/\/www.radio-geretsried.de\/"]}]},{"@type":"ImageObject","inLanguage":"de","@id":"https:\/\/www.radio-geretsried.de\/#primaryimage","url":"https:\/\/www.radio-geretsried.de\/wp-content\/uploads\/2022\/07\/Der-Abend.jpg","contentUrl":"https:\/\/www.radio-geretsried.de\/wp-content\/uploads\/2022\/07\/Der-Abend.jpg","width":1700,"height":956},{"@type":"BreadcrumbList","@id":"https:\/\/www.radio-geretsried.de\/#breadcrumb","itemListElement":[{"@type":"ListItem","position":1,"name":"Startseite","item":"https:\/\/www.radio-geretsried.de\/"},{"@type":"ListItem","position":2,"name":"Home"}]},{"@type":"WebSite","@id":"https:\/\/www.radio-geretsried.de\/#website","url":"https:\/\/www.radio-geretsried.de\/","name":"RADIO GERETSRIED","description":"So klingt die Stadt","publisher":{"@id":"https:\/\/www.radio-geretsried.de\/#organization"},"potentialAction":[{"@type":"SearchAction","target":{"@type":"EntryPoint","urlTemplate":"https:\/\/www.radio-geretsried.de\/?s={search_term_string}"},"query-input":{"@type":"PropertyValueSpecification","valueRequired":true,"valueName":"search_term_string"}}],"inLanguage":"de"},{"@type":"Organization","@id":"https:\/\/www.radio-geretsried.de\/#organization","name":"RADIO GERETSRIED","url":"https:\/\/www.radio-geretsried.de\/","logo":{"@type":"ImageObject","inLanguage":"de","@id":"https:\/\/www.radio-geretsried.de\/#\/schema\/logo\/image\/","url":"https:\/\/www.radio-geretsried.de\/wp-content\/uploads\/2022\/07\/Radio-Geretsried-Logo-Farbig-e1656961244490.png","contentUrl":"https:\/\/www.radio-geretsried.de\/wp-content\/uploads\/2022\/07\/Radio-Geretsried-Logo-Farbig-e1656961244490.png","width":4000,"height":1780,"caption":"RADIO GERETSRIED"},"image":{"@id":"https:\/\/www.radio-geretsried.de\/#\/schema\/logo\/image\/"},"sameAs":["https:\/\/www.facebook.com\/stadtsender","https:\/\/www.instagram.com\/radiogeretsried\/"]}]}},"_links":{"self":[{"href":"https:\/\/www.radio-geretsried.de\/index.php\/wp-json\/wp\/v2\/pages\/6799","targetHints":{"allow":["GET"]}}],"collection":[{"href":"https:\/\/www.radio-geretsried.de\/index.php\/wp-json\/wp\/v2\/pages"}],"about":[{"href":"https:\/\/www.radio-geretsried.de\/index.php\/wp-json\/wp\/v2\/types\/page"}],"author":[{"embeddable":true,"href":"https:\/\/www.radio-geretsried.de\/index.php\/wp-json\/wp\/v2\/users\/2"}],"replies":[{"embeddable":true,"href":"https:\/\/www.radio-geretsried.de\/index.php\/wp-json\/wp\/v2\/comments?post=6799"}],"version-history":[{"count":22,"href":"https:\/\/www.radio-geretsried.de\/index.php\/wp-json\/wp\/v2\/pages\/6799\/revisions"}],"predecessor-version":[{"id":8722,"href":"https:\/\/www.radio-geretsried.de\/index.php\/wp-json\/wp\/v2\/pages\/6799\/revisions\/8722"}],"wp:attachment":[{"href":"https:\/\/www.radio-geretsried.de\/index.php\/wp-json\/wp\/v2\/media?parent=6799"}],"curies":[{"name":"wp","href":"https:\/\/api.w.org\/{rel}","templated":true}]}}